{"id":32792,"date":"2018-12-19T13:51:54","date_gmt":"2018-12-19T15:51:54","guid":{"rendered":"https:\/\/www.andrealombardioe.com.br\/site\/?page_id=32792"},"modified":"2020-07-03T01:37:04","modified_gmt":"2020-07-03T04:37:04","slug":"original-ervas","status":"publish","type":"page","link":"https:\/\/brisomadeiras.com.br\/site\/","title":{"rendered":"Original Ervas"},"content":{"rendered":"<p>[vc_row full_width=&#8221;stretch_row&#8221; css=&#8221;.vc_custom_1593745087415{margin-bottom: -20px !important;background-image: url(https:\/\/andrealombardioe.com.br\/site\/wp-content\/uploads\/2018\/11\/background-beneficios-do-original-ervas.jpg?id=32248) !important;background-position: center !important;background-repeat: no-repeat !important;background-size: contain !important;}&#8221; el_id=&#8221;quem-somos&#8221;][vc_column][vc_text_separator title=&#8221;QUEM SOMOS&#8221;][vc_row_inner][vc_column_inner width=&#8221;1\/3&#8243;][vc_text_separator title_level=&#8221;h4&#8243; title=&#8221;EMPRESA&#8221;][vc_column_text]<\/p>\n<p class=\"p1\"><span class=\"s1\">Altamente especializada na elabora\u00e7\u00e3o de embalagens de madeira e paletes, orgulha-se em atender v\u00e1rios segmentos, como f\u00e1bricas de papel e celulose, pneus, metal\u00fargicas, farmac\u00eauticas, qu\u00edmicas, pl\u00e1sticos, polietilenos, entre outras.<\/span><\/p>\n<p>[\/vc_column_text][vc_empty_space][\/vc_column_inner][vc_column_inner width=&#8221;1\/3&#8243;][vc_text_separator title_level=&#8221;h4&#8243; title=&#8221;ESPECIALIZA\u00c7\u00c3O&#8221;][vc_column_text]<\/p>\n<p class=\"p1\"><span class=\"s1\">Altamente especializada na elabora\u00e7\u00e3o de embalagens de madeira e paletes, orgulha-se em atender v\u00e1rios segmentos, como f\u00e1bricas de papel e celulose, pneus, metal\u00fargicas, farmac\u00eauticas, qu\u00edmicas, pl\u00e1sticos, polietilenos, entre outras.<\/span><\/p>\n<p>[\/vc_column_text][vc_empty_space][\/vc_column_inner][vc_column_inner width=&#8221;1\/3&#8243;][vc_text_separator title_level=&#8221;h4&#8243; title=&#8221;CERTIFICA\u00c7\u00d5ES&#8221;][vc_column_text]<\/p>\n<p class=\"p1\"><span class=\"s1\">Devidamente cadastrada no IBAMA e CETESB, tamb\u00e9m atende todas as exig\u00eancias do minist\u00e9rio da agricultura para exporta\u00e7\u00e3o de seus produtos, nos tratamentos fitossanit\u00e1rios com uma c\u00e2mara t\u00e9rmica para tratamento HT com certificado homologado pelo MAPA.<\/span><\/p>\n<p>[\/vc_column_text][vc_empty_space][\/vc_column_inner][\/vc_row_inner][\/vc_column][\/vc_row][vc_row full_width=&#8221;stretch_row&#8221; video_bg=&#8221;yes&#8221; video_bg_url=&#8221;https:\/\/www.youtube.com\/watch?v=KyEeL4pj-Ag&amp;feature=youtu.be&#8221; css=&#8221;.vc_custom_1593733379726{background-position: center !important;background-repeat: no-repeat !important;background-size: cover !important;}&#8221;][vc_column]<div class=\"clearboth\"><\/div><div class=\"gem-divider  gem-divider-style-3\" style=\"margin-top: 50px;\"><\/div>[vc_column_text el_class=&#8221;third_bg_color&#8221;]<\/p>\n<div class=\"p1 title-h2\" style=\"text-align: center;\"><span class=\"s1\" style=\"color: #ffffff;\">H\u00e1 mais de 30 anos, dando solu\u00e7\u00f5es t\u00e9cnicas e inovadoras dentro de seu segmento.<\/span><\/div>\n<p>[\/vc_column_text]<div class=\"clearboth\"><\/div><div class=\"gem-divider  gem-divider-style-3\" style=\"margin-top: 50px;\"><\/div>[\/vc_column][\/vc_row][vc_row el_id=&#8221;produtos&#8221;][vc_column][vc_text_separator title=&#8221;PRODUTOS&#8221;][vc_row_inner][vc_column_inner width=&#8221;1\/4&#8243;][vc_single_image image=&#8221;32837&#8243; img_size=&#8221;full&#8221; alignment=&#8221;center&#8221; onclick=&#8221;link_image&#8221;][vc_column_text]EMBALAGEM DE COMPENSADO OU OSB PALETIZADA[\/vc_column_text][\/vc_column_inner][vc_column_inner width=&#8221;1\/4&#8243;][vc_single_image image=&#8221;32838&#8243; img_size=&#8221;full&#8221; alignment=&#8221;center&#8221; onclick=&#8221;link_image&#8221;][vc_column_text]<\/p>\n<p style=\"text-align: center;\">PALETE EM MADEIRA DE LEI<\/p>\n<p>[\/vc_column_text][\/vc_column_inner][vc_column_inner width=&#8221;1\/4&#8243;][vc_single_image image=&#8221;32839&#8243; img_size=&#8221;full&#8221; alignment=&#8221;center&#8221; onclick=&#8221;link_image&#8221;][vc_column_text]PALETE FACE SIMPLES COM QUATRO ENTRADAS PARA USO EM PRATELEIRAS[\/vc_column_text][\/vc_column_inner][vc_column_inner width=&#8221;1\/4&#8243;][vc_single_image image=&#8221;32842&#8243; img_size=&#8221;full&#8221; alignment=&#8221;center&#8221; onclick=&#8221;link_image&#8221;][vc_column_text]<\/p>\n<p style=\"text-align: center;\">PALETE FACE SIMPLES COM ABA<\/p>\n<p>[\/vc_column_text][\/vc_column_inner][\/vc_row_inner][vc_row_inner][vc_column_inner width=&#8221;1\/4&#8243;][vc_single_image image=&#8221;32841&#8243; img_size=&#8221;full&#8221; alignment=&#8221;center&#8221; onclick=&#8221;link_image&#8221;][vc_column_text]<\/p>\n<p style=\"text-align: center;\">PALETE FACE SIMPLES DUAS ENTRADAS<\/p>\n<p>[\/vc_column_text][\/vc_column_inner][vc_column_inner width=&#8221;1\/4&#8243;][vc_single_image image=&#8221;32847&#8243; img_size=&#8221;full&#8221; alignment=&#8221;center&#8221; onclick=&#8221;link_image&#8221;][vc_column_text]<\/p>\n<p style=\"text-align: center;\">EMBALAGEM EM MADEIRA MACI\u00c7A<\/p>\n<p>[\/vc_column_text][\/vc_column_inner][vc_column_inner width=&#8221;1\/4&#8243;][vc_single_image image=&#8221;32843&#8243; img_size=&#8221;full&#8221; alignment=&#8221;center&#8221; onclick=&#8221;link_image&#8221;][vc_column_text]<\/p>\n<p style=\"text-align: center;\">PALETE FACE SIMPLES COM QUATRO ENTRADAS<\/p>\n<p>[\/vc_column_text][\/vc_column_inner][vc_column_inner width=&#8221;1\/4&#8243;][vc_single_image image=&#8221;32848&#8243; img_size=&#8221;full&#8221; alignment=&#8221;center&#8221; onclick=&#8221;link_image&#8221;][vc_column_text]<\/p>\n<p style=\"text-align: center;\">PALETE FACE DUPLA<\/p>\n<p>[\/vc_column_text][\/vc_column_inner][\/vc_row_inner][\/vc_column][\/vc_row][vc_row full_width=&#8221;stretch_row&#8221; parallax=&#8221;content-moving&#8221; parallax_image=&#8221;32836&#8243; css=&#8221;.vc_custom_1593744271536{background-image: url(https:\/\/brisomadeiras.com.br\/site\/wp-content\/uploads\/2020\/07\/fundo-madeira-1.jpg?id=32836) !important;background-position: center;background-repeat: no-repeat;background-size:cover;}&#8221; el_class=&#8221;third_bg_color&#8221;][vc_column width=&#8221;1\/2&#8243;]<div class=\"clearboth\"><\/div><div class=\"gem-divider \" style=\"margin-top: 30px;\"><\/div>[vc_column_text]<\/p>\n<div class=\"av-special-heading av-special-heading-h2 blockquote modern-quote modern-centered avia-builder-el-41 el_before_av_hr avia-builder-el-first \">\n<h3 class=\"av-special-heading-tag \" style=\"text-align: center;\"><span style=\"color: #ffffff;\">RECONHECIDA POR CLIENTES, PARCEIROS E FORNECEDORES<\/span><\/h3>\n<\/div>\n<div class=\"hr hr-custom hr-center hr-icon-no avia-builder-el-42 el_after_av_heading el_before_av_one_third \"><\/div>\n<p>[\/vc_column_text]<div class=\"clearboth\"><\/div><div class=\"gem-divider \" style=\"margin-top: 30px;\"><\/div>[\/vc_column][vc_column width=&#8221;1\/2&#8243; css=&#8221;.vc_custom_1593744001822{padding-left: 10px !important;background-position: center !important;background-repeat: no-repeat !important;background-size: contain !important;}&#8221;]<div class=\"clearboth\"><\/div><div class=\"gem-divider \" style=\"margin-top: 60px;\"><\/div>[vc_single_image image=&#8221;32856&#8243; img_size=&#8221;full&#8221; alignment=&#8221;center&#8221;]<div class=\"clearboth\"><\/div><div class=\"gem-divider \" style=\"margin-top: 60px;\"><\/div>[\/vc_column][\/vc_row][vc_row full_width=&#8221;stretch_row&#8221; content_placement=&#8221;top&#8221; css=&#8221;.vc_custom_1593745866835{margin-top: -20px !important;margin-right: -20px !important;margin-bottom: -20px !important;margin-left: -20px !important;background-image: url(https:\/\/andrealombardioe.com.br\/site\/wp-content\/uploads\/2018\/11\/folhas-3.png?id=32344) !important;}&#8221; el_id=&#8221;paletizacao&#8221;][vc_column][vc_text_separator title=&#8221;POR QUE PALETIZAR?&#8221;][vc_row_inner][vc_column_inner width=&#8221;1\/2&#8243;][vc_column_text]A paletiza\u00e7\u00e3o ainda encontra obst\u00e1culos em algumas empresas, mesmo sendo praticamente uma obriga\u00e7\u00e3o nos dias de hoje.<\/p>\n<p>Para a rela\u00e7\u00e3o custo\/benef\u00edcio e pela versatilidade que proporciona, o processo de paletes a\u00e7\u00e3o \u00e9 um fen\u00f4meno cada vez mais presente em toda a cadeia log\u00edstica brasileira, a ponto de hoje muitas empresas n\u00e3o mais aceitarem mercadorias que n\u00e3o estejam paletizadas.<\/p>\n<p>A necessidade de investimento nos paletes e em equipamentos para viabilizar a sua opera\u00e7\u00e3o, n\u00e3o \u00e9 dif\u00edcil provar o retorno do capital em um tempo m\u00e9dio obtido pelo incremento de velocidade de opera\u00e7\u00e3o, pela diminui\u00e7\u00e3o de extravio ou furtos e pela qualidade alcan\u00e7ada com ou uso de paletes.[\/vc_column_text][\/vc_column_inner][vc_column_inner width=&#8221;1\/2&#8243;][vc_column_text]<\/p>\n<ul>\n<li>Maior densidade de armazenagem<\/li>\n<li>Padroniza\u00e7\u00e3o, o que permite posicionamento uniforme do estoque.<\/li>\n<li>Possibilidade de automa\u00e7\u00e3o e rastreabilidade de lotes e controle de validade.<\/li>\n<li>Redu\u00e7\u00e3o dos danos ao material e as embalagens.<\/li>\n<li>Redu\u00e7\u00e3o do tempo de transporte.<\/li>\n<li>Reduz custo em at\u00e9 50%: manuseio, movimenta\u00e7\u00e3o, embalagens, invent\u00e1rios, etc.<\/li>\n<li>Aumento da produtividade das opera\u00e7\u00f5es log\u00edsticas.<\/li>\n<li>Melhor utiliza\u00e7\u00e3o dos espa\u00e7os verticais e horizontais.<\/li>\n<li>Redu\u00e7\u00e3o de acidentes pessoais pela substitui\u00e7\u00e3o da movimenta\u00e7\u00e3o manual pela mec\u00e2nica.<\/li>\n<li>Redu\u00e7\u00e3o de furtos.<\/li>\n<\/ul>\n<p>[\/vc_column_text][\/vc_column_inner][\/vc_row_inner][\/vc_column][\/vc_row][vc_row full_width=&#8221;stretch_row_content&#8221; css=&#8221;.vc_custom_1593745957343{background-color: #fcfcfc !important;}&#8221; el_id=&#8221;fabrica&#8221;][vc_column][vc_text_separator title=&#8221;F\u00c1BRICA&#8221;][vc_media_grid element_width=&#8221;3&#8243; grid_id=&#8221;vc_gid:1593750889816-5bd846c8ae30c7b353119c69eb45c9e4-9&#8243; include=&#8221;32858,32859,32861,32862&#8243;][\/vc_column][\/vc_row][vc_row full_width=&#8221;stretch_row&#8221; css=&#8221;.vc_custom_1593751018155{margin-top: -20px !important;margin-bottom: -20px !important;background-image: url(https:\/\/brisomadeiras.com.br\/site\/wp-content\/uploads\/2018\/11\/bg_madeira.png?id=32268) !important;}&#8221; el_id=&#8221;contato&#8221;][vc_column width=&#8221;1\/3&#8243;][vc_text_separator title=&#8221;FALE CONOSCO&#8221;][\/vc_column][vc_column width=&#8221;2\/3&#8243;][vc_column_text]\n<div class=\"wpcf7 no-js\" id=\"wpcf7-f2522-o1\" lang=\"en-US\" dir=\"ltr\" data-wpcf7-id=\"2522\">\n<div class=\"screen-reader-response\"><p role=\"status\" aria-live=\"polite\" aria-atomic=\"true\"><\/p> <ul><\/ul><\/div>\n<form action=\"\/site\/wp-json\/wp\/v2\/pages\/32792#wpcf7-f2522-o1\" method=\"post\" class=\"wpcf7-form init\" aria-label=\"Contact form\" novalidate=\"novalidate\" data-status=\"init\">\n<fieldset class=\"hidden-fields-container\"><input type=\"hidden\" name=\"_wpcf7\" value=\"2522\" \/><input type=\"hidden\" name=\"_wpcf7_version\" value=\"6.1.2\" \/><input type=\"hidden\" name=\"_wpcf7_locale\" value=\"en_US\" \/><input type=\"hidden\" name=\"_wpcf7_unit_tag\" value=\"wpcf7-f2522-o1\" \/><input type=\"hidden\" name=\"_wpcf7_container_post\" value=\"0\" \/><input type=\"hidden\" name=\"_wpcf7_posted_data_hash\" value=\"\" \/>\n<\/fieldset>\n<div class=\"contact-form-style-2\">\n\t<p class=\"cf-style2-phone\" style=\"height:33px;\"><span class=\"wpcf7-form-control-wrap\" data-name=\"your-name\"><input size=\"40\" maxlength=\"400\" class=\"wpcf7-form-control wpcf7-text wpcf7-validates-as-required\" aria-required=\"true\" aria-invalid=\"false\" placeholder=\"Nome*\" value=\"\" type=\"text\" name=\"your-name\" \/><\/span>\n\t<\/p>\n\t<p class=\"cf-style2-phone\" style=\"height:33px;\"><span class=\"wpcf7-form-control-wrap\" data-name=\"telefone\"><input size=\"40\" maxlength=\"400\" class=\"wpcf7-form-control wpcf7-tel wpcf7-text wpcf7-validates-as-tel\" aria-invalid=\"false\" placeholder=\"Telefone*\" value=\"\" type=\"tel\" name=\"telefone\" \/><\/span>\n\t<\/p>\n\t<p class=\"cf-style2-email\" style=\"height:33px;\"><span class=\"wpcf7-form-control-wrap\" data-name=\"your-email\"><input size=\"40\" maxlength=\"400\" class=\"wpcf7-form-control wpcf7-email wpcf7-validates-as-required wpcf7-text wpcf7-validates-as-email\" aria-required=\"true\" aria-invalid=\"false\" placeholder=\"Email*\" value=\"\" type=\"email\" name=\"your-email\" \/><\/span>\n\t<\/p>\n\t<p class=\"cf-style2-phone\" style=\"height:33px;\"><span class=\"wpcf7-form-control-wrap\" data-name=\"assunto\"><input size=\"40\" maxlength=\"400\" class=\"wpcf7-form-control wpcf7-text wpcf7-validates-as-required\" aria-required=\"true\" aria-invalid=\"false\" placeholder=\"Assunto*\" value=\"\" type=\"text\" name=\"assunto\" \/><\/span>\n\t<\/p>\n\t<div class=\"cf-style2-textarea\" style=\"margin-top:-1px;\">\n\t\t<p><span class=\"wpcf7-form-control-wrap\" data-name=\"mensagem\"><textarea cols=\"40\" rows=\"5\" maxlength=\"2000\" class=\"wpcf7-form-control wpcf7-textarea wpcf7-validates-as-required\" aria-required=\"true\" aria-invalid=\"false\" placeholder=\"Mensagem\" name=\"mensagem\"><\/textarea><\/span>\n\t\t<\/p>\n\t<\/div>\n\t<p><input class=\"wpcf7-form-control wpcf7-submit\" type=\"submit\" value=\"Enviar\" \/>\n\t<\/p>\n<\/div><div class=\"wpcf7-response-output\" aria-hidden=\"true\"><\/div>\n<\/form>\n<\/div>\n[\/vc_column_text][\/vc_column][\/vc_row]<\/p>\n","protected":false},"excerpt":{"rendered":"<p>[vc_row full_width=&#8221;stretch_row&#8221; css=&#8221;.vc_custom_1593745087415{margin-bottom: -20px !important;background-image: url(https:\/\/andrealombardioe.com.br\/site\/wp-content\/uploads\/2018\/11\/background-beneficios-do-original-ervas.jpg?id=32248) !important;background-position: center !important;background-repeat: no-repeat !important;background-size: contain !important;}&#8221; el_id=&#8221;quem-somos&#8221;][vc_column][vc_text_separator title=&#8221;QUEM SOMOS&#8221;][vc_row_inner][vc_column_inner width=&#8221;1\/3&#8243;][vc_text_separator title_level=&#8221;h4&#8243; title=&#8221;EMPRESA&#8221;][vc_column_text] Altamente&#8230;<\/p>\n","protected":false},"author":1,"featured_media":0,"parent":0,"menu_order":0,"comment_status":"closed","ping_status":"closed","template":"","meta":{"footnotes":""},"class_list":["post-32792","page","type-page","status-publish"],"_links":{"self":[{"href":"https:\/\/brisomadeiras.com.br\/site\/wp-json\/wp\/v2\/pages\/32792","targetHints":{"allow":["GET"]}}],"collection":[{"href":"https:\/\/brisomadeiras.com.br\/site\/wp-json\/wp\/v2\/pages"}],"about":[{"href":"https:\/\/brisomadeiras.com.br\/site\/wp-json\/wp\/v2\/types\/page"}],"author":[{"embeddable":true,"href":"https:\/\/brisomadeiras.com.br\/site\/wp-json\/wp\/v2\/users\/1"}],"replies":[{"embeddable":true,"href":"https:\/\/brisomadeiras.com.br\/site\/wp-json\/wp\/v2\/comments?post=32792"}],"version-history":[{"count":32,"href":"https:\/\/brisomadeiras.com.br\/site\/wp-json\/wp\/v2\/pages\/32792\/revisions"}],"predecessor-version":[{"id":32882,"href":"https:\/\/brisomadeiras.com.br\/site\/wp-json\/wp\/v2\/pages\/32792\/revisions\/32882"}],"wp:attachment":[{"href":"https:\/\/brisomadeiras.com.br\/site\/wp-json\/wp\/v2\/media?parent=32792"}],"curies":[{"name":"wp","href":"https:\/\/api.w.org\/{rel}","templated":true}]}}